{"id":697,"date":"2023-10-05T17:45:34","date_gmt":"2023-10-05T17:45:34","guid":{"rendered":"https:\/\/cutera.com\/ch-fr\/?page_id=697"},"modified":"2024-01-16T01:19:45","modified_gmt":"2024-01-16T01:19:45","slug":"education-et-events","status":"publish","type":"page","link":"https:\/\/cutera.com\/ch-fr\/education-et-events\/","title":{"rendered":"\u00c9ducation &amp; \u00c9v\u00e8nements"},"content":{"rendered":"","protected":false},"excerpt":{"rendered":"","protected":false},"author":3,"featured_media":0,"parent":0,"menu_order":0,"comment_status":"closed","ping_status":"closed","template":"","meta":{"footnotes":""},"acf":[],"_links":{"self":[{"href":"https:\/\/cutera.com\/ch-fr\/wp-json\/wp\/v2\/pages\/697"}],"collection":[{"href":"https:\/\/cutera.com\/ch-fr\/wp-json\/wp\/v2\/pages"}],"about":[{"href":"https:\/\/cutera.com\/ch-fr\/wp-json\/wp\/v2\/types\/page"}],"author":[{"embeddable":true,"href":"https:\/\/cutera.com\/ch-fr\/wp-json\/wp\/v2\/users\/3"}],"replies":[{"embeddable":true,"href":"https:\/\/cutera.com\/ch-fr\/wp-json\/wp\/v2\/comments?post=697"}],"version-history":[{"count":3,"href":"https:\/\/cutera.com\/ch-fr\/wp-json\/wp\/v2\/pages\/697\/revisions"}],"predecessor-version":[{"id":3604,"href":"https:\/\/cutera.com\/ch-fr\/wp-json\/wp\/v2\/pages\/697\/revisions\/3604"}],"wp:attachment":[{"href":"https:\/\/cutera.com\/ch-fr\/wp-json\/wp\/v2\/media?parent=697"}],"curies":[{"name":"wp","href":"https:\/\/api.w.org\/{rel}","templated":true}]}}